{"id":142,"date":"2025-07-10T08:55:09","date_gmt":"2025-07-10T08:55:09","guid":{"rendered":"https:\/\/bocado.agency\/?page_id=142"},"modified":"2025-07-10T09:00:39","modified_gmt":"2025-07-10T09:00:39","slug":"coming-soon","status":"publish","type":"page","link":"https:\/\/bocado.agency\/","title":{"rendered":"coming soon"},"content":{"rendered":"\t\t<div data-elementor-type=\"wp-page\" data-elementor-id=\"142\" class=\"elementor elementor-142\">\n\t\t\t\t<div class=\"elementor-element elementor-element-e65f13c e-flex e-con-boxed e-con e-parent\" data-id=\"e65f13c\" data-element_type=\"container\">\n\t\t\t\t\t<div class=\"e-con-inner\">\n\t\t\t\t<div class=\"elementor-element elementor-element-4b31d97 elementor-widget elementor-widget-image\" data-id=\"4b31d97\" data-element_type=\"widget\" data-widget_type=\"image.default\">\n\t\t\t\t<div class=\"elementor-widget-container\">\n\t\t\t\t\t\t\t\t\t\t\t\t\t\t\t<img decoding=\"async\" width=\"300\" height=\"67\" src=\"https:\/\/bocado.agency\/wp-content\/uploads\/2025\/07\/logo-color-corp-300x67.png\" class=\"attachment-medium size-medium wp-image-145\" alt=\"\" srcset=\"https:\/\/bocado.agency\/wp-content\/uploads\/2025\/07\/logo-color-corp-300x67.png 300w, https:\/\/bocado.agency\/wp-content\/uploads\/2025\/07\/logo-color-corp.png 683w\" sizes=\"(max-width: 300px) 100vw, 300px\" \/>\t\t\t\t\t\t\t\t\t\t\t\t\t\t\t<\/div>\n\t\t\t\t<\/div>\n\t\t\t\t<div class=\"elementor-element elementor-element-349cdf16 elementor-widget__width-initial elementor-widget-mobile__width-inherit elementor-invisible elementor-widget elementor-widget-text-editor\" data-id=\"349cdf16\" data-element_type=\"widget\" data-settings=\"{&quot;_animation&quot;:&quot;fadeIn&quot;,&quot;_animation_delay&quot;:400}\" data-widget_type=\"text-editor.default\">\n\t\t\t\t<div class=\"elementor-widget-container\">\n\t\t\t\t\t\t\t\t\t<p data-start=\"393\" data-end=\"471\"><strong data-start=\"393\" data-end=\"471\">Nuestra web a\u00fan no est\u00e1 lista, pero pronto podr\u00e1s probar el men\u00fa completo.<\/strong><\/p><p data-start=\"393\" data-end=\"471\">Mientras tanto, s\u00edguenos en redes o escr\u00edbenos si quieres hablar de ideas, proyectos y comunicaci\u00f3n con sabor.<\/p>\t\t\t\t\t\t\t\t<\/div>\n\t\t\t\t<\/div>\n\t\t\t\t<div class=\"elementor-element elementor-element-511a791f elementor-align-center elementor-invisible elementor-widget elementor-widget-button\" data-id=\"511a791f\" data-element_type=\"widget\" data-settings=\"{&quot;_animation&quot;:&quot;fadeIn&quot;,&quot;_animation_delay&quot;:600}\" data-widget_type=\"button.default\">\n\t\t\t\t<div class=\"elementor-widget-container\">\n\t\t\t\t\t\t\t\t\t<div class=\"elementor-button-wrapper\">\n\t\t\t\t\t<a class=\"elementor-button elementor-button-link elementor-size-sm\" href=\"http:\/\/instagram.com\/bocado.agency\">\n\t\t\t\t\t\t<span class=\"elementor-button-content-wrapper\">\n\t\t\t\t\t\t\t\t\t<span class=\"elementor-button-text\">S\u00edguenos en Instagram <\/span>\n\t\t\t\t\t<\/span>\n\t\t\t\t\t<\/a>\n\t\t\t\t<\/div>\n\t\t\t\t\t\t\t\t<\/div>\n\t\t\t\t<\/div>\n\t\t\t\t\t<\/div>\n\t\t\t\t<\/div>\n\t\t\t\t<\/div>\n\t\t","protected":false},"excerpt":{"rendered":"<p>Nuestra web a\u00fan no est\u00e1 lista, pero pronto podr\u00e1s probar el men\u00fa completo. Mientras tanto, s\u00edguenos en redes o escr\u00edbenos si quieres hablar de ideas, proyectos y comunicaci\u00f3n con sabor. S\u00edguenos en Instagram<\/p>\n","protected":false},"author":1,"featured_media":0,"parent":0,"menu_order":0,"comment_status":"closed","ping_status":"closed","template":"elementor_header_footer","meta":{"footnotes":""},"class_list":["post-142","page","type-page","status-publish","hentry"],"_links":{"self":[{"href":"https:\/\/bocado.agency\/index.php?rest_route=\/wp\/v2\/pages\/142","targetHints":{"allow":["GET"]}}],"collection":[{"href":"https:\/\/bocado.agency\/index.php?rest_route=\/wp\/v2\/pages"}],"about":[{"href":"https:\/\/bocado.agency\/index.php?rest_route=\/wp\/v2\/types\/page"}],"author":[{"embeddable":true,"href":"https:\/\/bocado.agency\/index.php?rest_route=\/wp\/v2\/users\/1"}],"replies":[{"embeddable":true,"href":"https:\/\/bocado.agency\/index.php?rest_route=%2Fwp%2Fv2%2Fcomments&post=142"}],"version-history":[{"count":5,"href":"https:\/\/bocado.agency\/index.php?rest_route=\/wp\/v2\/pages\/142\/revisions"}],"predecessor-version":[{"id":149,"href":"https:\/\/bocado.agency\/index.php?rest_route=\/wp\/v2\/pages\/142\/revisions\/149"}],"wp:attachment":[{"href":"https:\/\/bocado.agency\/index.php?rest_route=%2Fwp%2Fv2%2Fmedia&parent=142"}],"curies":[{"name":"wp","href":"https:\/\/api.w.org\/{rel}","templated":true}]}}